{"id":664,"date":"2023-09-29T08:48:46","date_gmt":"2023-09-29T06:48:46","guid":{"rendered":"https:\/\/followapp-project.eu\/proje-sonuclari\/"},"modified":"2026-01-29T13:41:11","modified_gmt":"2026-01-29T12:41:11","slug":"proje-sonuclari","status":"publish","type":"page","link":"https:\/\/followapp-project.eu\/tr\/proje-sonuclari\/","title":{"rendered":"Proje Sonu\u00e7lar\u0131"},"content":{"rendered":"\t\t<div data-elementor-type=\"wp-page\" data-elementor-id=\"664\" class=\"elementor elementor-664 elementor-21\">\n\t\t\t\t<div class=\"elementor-element elementor-element-6d9d8f1 e-flex e-con-boxed wpr-particle-no wpr-jarallax-no wpr-parallax-no wpr-sticky-section-no wpr-equal-height-no e-con e-parent\" data-id=\"6d9d8f1\" data-element_type=\"container\" data-e-type=\"container\">\n\t\t\t\t\t<div class=\"e-con-inner\">\n\t\t\t\t<div class=\"elementor-element elementor-element-876b344 elementor-widget elementor-widget-heading\" data-id=\"876b344\" data-element_type=\"widget\" data-e-type=\"widget\" data-widget_type=\"heading.default\">\n\t\t\t\t<div class=\"elementor-widget-container\">\n\t\t\t\t\t<h2 class=\"elementor-heading-title elementor-size-default\">Proje Sonu\u00e7lar\u0131<\/h2>\t\t\t\t<\/div>\n\t\t\t\t<\/div>\n\t\t\t\t\t<\/div>\n\t\t\t\t<\/div>\n\t\t<div class=\"elementor-element elementor-element-44324f5 e-flex e-con-boxed wpr-particle-no wpr-jarallax-no wpr-parallax-no wpr-sticky-section-no wpr-equal-height-no e-con e-parent\" data-id=\"44324f5\" data-element_type=\"container\" data-e-type=\"container\" data-settings=\"{&quot;background_background&quot;:&quot;classic&quot;}\">\n\t\t\t\t\t<div class=\"e-con-inner\">\n\t\t<div class=\"elementor-element elementor-element-83194ef e-flex e-con-boxed wpr-particle-no wpr-jarallax-no wpr-parallax-no wpr-sticky-section-no wpr-equal-height-no e-con e-child\" data-id=\"83194ef\" data-element_type=\"container\" data-e-type=\"container\" data-settings=\"{&quot;background_background&quot;:&quot;classic&quot;}\">\n\t\t\t\t\t<div class=\"e-con-inner\">\n\t\t\t\t<div class=\"elementor-element elementor-element-cb7c320 elementor-widget elementor-widget-heading\" data-id=\"cb7c320\" data-element_type=\"widget\" data-e-type=\"widget\" data-widget_type=\"heading.default\">\n\t\t\t\t<div class=\"elementor-widget-container\">\n\t\t\t\t\t<h3 class=\"elementor-heading-title elementor-size-default\">\u0130kili Mesleki E\u011fitimde Mezun Takibinde Avrupa Yeterlilikler \u00c7er\u00e7evesi<\/h3>\t\t\t\t<\/div>\n\t\t\t\t<\/div>\n\t\t<div class=\"elementor-element elementor-element-a735eb2 e-flex e-con-boxed wpr-particle-no wpr-jarallax-no wpr-parallax-no wpr-sticky-section-no wpr-equal-height-no e-con e-child\" data-id=\"a735eb2\" data-element_type=\"container\" data-e-type=\"container\" data-settings=\"{&quot;background_background&quot;:&quot;classic&quot;}\">\n\t\t\t\t\t<div class=\"e-con-inner\">\n\t\t<div class=\"elementor-element elementor-element-16d9b96 e-con-full e-flex wpr-particle-no wpr-jarallax-no wpr-parallax-no wpr-sticky-section-no wpr-equal-height-no e-con e-child\" data-id=\"16d9b96\" data-element_type=\"container\" data-e-type=\"container\">\n\t\t\t\t<div class=\"elementor-element elementor-element-dca7fa2 elementor-widget elementor-widget-text-editor\" data-id=\"dca7fa2\" data-element_type=\"widget\" data-e-type=\"widget\" data-widget_type=\"text-editor.default\">\n\t\t\t\t<div class=\"elementor-widget-container\">\n\t\t\t\t\t\t\t\t\t<p>DUAL VET&#8217;te \u00e7\u0131raklar\u0131n istihdam ve kariyer geli\u015fimini takip etmek i\u00e7in yetkinliklerin referans \u00e7er\u00e7evesi, EQF gibi Avrupa standartlar\u0131 ve referans \u00e7er\u00e7evelerini takip ederek, Avrupa genelinde anla\u015f\u0131labilir bir ortak dil kullanarak yetkinlikleri, becerileri, bilgileri ve yeterlilik seviyelerini tan\u0131mlar.<\/p>\t\t\t\t\t\t\t\t<\/div>\n\t\t\t\t<\/div>\n\t\t\t\t<\/div>\n\t\t<div class=\"elementor-element elementor-element-d05c89b e-con-full e-flex wpr-particle-no wpr-jarallax-no wpr-parallax-no wpr-sticky-section-no wpr-equal-height-no e-con e-child\" data-id=\"d05c89b\" data-element_type=\"container\" data-e-type=\"container\">\n\t\t\t\t<div class=\"elementor-element elementor-element-ddf38ff elementor-widget elementor-widget-image\" data-id=\"ddf38ff\" data-element_type=\"widget\" data-e-type=\"widget\" data-widget_type=\"image.default\">\n\t\t\t\t<div class=\"elementor-widget-container\">\n\t\t\t\t\t\t\t\t\t\t\t\t\t\t\t<img fetchpriority=\"high\" decoding=\"async\" width=\"300\" height=\"359\" src=\"https:\/\/followapp-project.eu\/wp-content\/uploads\/2023\/10\/img_pdf.png\" class=\"attachment-large size-large wp-image-120\" alt=\"\" srcset=\"https:\/\/followapp-project.eu\/wp-content\/uploads\/2023\/10\/img_pdf.png 300w, https:\/\/followapp-project.eu\/wp-content\/uploads\/2023\/10\/img_pdf-251x300.png 251w\" sizes=\"(max-width: 300px) 100vw, 300px\" \/>\t\t\t\t\t\t\t\t\t\t\t\t\t\t\t<\/div>\n\t\t\t\t<\/div>\n\t\t\t\t<\/div>\n\t\t\t\t\t<\/div>\n\t\t\t\t<\/div>\n\t\t\t\t<div class=\"elementor-element elementor-element-3126114 wpr-button-icon-style-inline wpr-button-icon-position-right elementor-widget elementor-widget-wpr-button\" data-id=\"3126114\" data-element_type=\"widget\" data-e-type=\"widget\" data-widget_type=\"wpr-button.default\">\n\t\t\t\t<div class=\"elementor-widget-container\">\n\t\t\t\t\t\t\n\t\t\t\n\t\t\n\t\t<div class=\"wpr-button-wrap elementor-clearfix\">\n\t\t<a class=\"wpr-button wpr-button-effect wpr-button-none\" data-text=\"\" href=\"https:\/\/followapp-project.eu\/wp-content\/uploads\/2026\/01\/FOLLOW-APP_Competence_Framework_TR_ok.pdf\" target=\"_blank\">\n\t\t\t\n\t\t\t<span class=\"wpr-button-content\">\n\t\t\t\t\t\t\t\t\t<span class=\"wpr-button-text\">Belgeyi indirin <\/span>\n\t\t\t\t\t\t\t\t\n\t\t\t\t\t\t\t<\/span>\n\t\t<\/a>\n\n\t\t\t\t<\/div>\n\t\n\t\n\t\t\t\t\t<\/div>\n\t\t\t\t<\/div>\n\t\t\t\t<div class=\"elementor-element elementor-element-d17295e elementor-widget elementor-widget-heading\" data-id=\"d17295e\" data-element_type=\"widget\" data-e-type=\"widget\" data-widget_type=\"heading.default\">\n\t\t\t\t<div class=\"elementor-widget-container\">\n\t\t\t\t\t<h3 class=\"elementor-heading-title elementor-size-default\">FOLLOW APP Sanal Kamp\u00fcs<\/h3>\t\t\t\t<\/div>\n\t\t\t\t<\/div>\n\t\t<div class=\"elementor-element elementor-element-5de0ed6 e-flex e-con-boxed wpr-particle-no wpr-jarallax-no wpr-parallax-no wpr-sticky-section-no wpr-equal-height-no e-con e-child\" data-id=\"5de0ed6\" data-element_type=\"container\" data-e-type=\"container\" data-settings=\"{&quot;background_background&quot;:&quot;classic&quot;}\">\n\t\t\t\t\t<div class=\"e-con-inner\">\n\t\t<div class=\"elementor-element elementor-element-a16f36a e-con-full e-flex wpr-particle-no wpr-jarallax-no wpr-parallax-no wpr-sticky-section-no wpr-equal-height-no e-con e-child\" data-id=\"a16f36a\" data-element_type=\"container\" data-e-type=\"container\">\n\t\t\t\t<div class=\"elementor-element elementor-element-e5bf354 elementor-widget elementor-widget-text-editor\" data-id=\"e5bf354\" data-element_type=\"widget\" data-e-type=\"widget\" data-widget_type=\"text-editor.default\">\n\t\t\t\t<div class=\"elementor-widget-container\">\n\t\t\t\t\t\t\t\t\t<p>\u00c7evrimi\u00e7i ICT tabanl\u0131 e\u011fitim sunumu ve y\u00f6netim arac\u0131, OER&#8217;ler olarak bilgi, ara\u00e7lar ve yenilik\u00e7i kaynaklara eri\u015fim sa\u011flar. Sanal KAMP\u00dcS, mesleki e\u011fitim \u00f6\u011fretmenlerinin, dan\u0131\u015fmanlar\u0131n\u0131n ve \u015firket i\u00e7i e\u011fitmenlerin, DUAL VET&#8217;te mezunlar\u0131n izlenmesi ile ilgili olarak \u00e7\u0131raklara destek vermek i\u00e7in gerekli yetkinlikleri kazanmalar\u0131n\u0131 sa\u011flar. Payda\u015flar ve hedef gruplar i\u00e7in bir a\u011f olu\u015fturma, payla\u015f\u0131m ve tan\u0131t\u0131m merkezi olarak \u00e7al\u0131\u015f\u0131r ve proje faaliyetlerinin ve sonu\u00e7lar\u0131n\u0131n yayg\u0131nla\u015ft\u0131r\u0131lmas\u0131na yard\u0131mc\u0131 olur.<\/p>\t\t\t\t\t\t\t\t<\/div>\n\t\t\t\t<\/div>\n\t\t\t\t<\/div>\n\t\t<div class=\"elementor-element elementor-element-bee42fb e-con-full e-flex wpr-particle-no wpr-jarallax-no wpr-parallax-no wpr-sticky-section-no wpr-equal-height-no e-con e-child\" data-id=\"bee42fb\" data-element_type=\"container\" data-e-type=\"container\">\n\t\t\t\t<div class=\"elementor-element elementor-element-c278764 elementor-widget elementor-widget-image\" data-id=\"c278764\" data-element_type=\"widget\" data-e-type=\"widget\" data-widget_type=\"image.default\">\n\t\t\t\t<div class=\"elementor-widget-container\">\n\t\t\t\t\t\t\t\t\t\t\t\t\t\t\t<img decoding=\"async\" width=\"300\" height=\"300\" src=\"https:\/\/followapp-project.eu\/wp-content\/uploads\/2023\/10\/img_virtual_campus.png\" class=\"attachment-large size-large wp-image-121\" alt=\"\" srcset=\"https:\/\/followapp-project.eu\/wp-content\/uploads\/2023\/10\/img_virtual_campus.png 300w, https:\/\/followapp-project.eu\/wp-content\/uploads\/2023\/10\/img_virtual_campus-150x150.png 150w\" sizes=\"(max-width: 300px) 100vw, 300px\" \/>\t\t\t\t\t\t\t\t\t\t\t\t\t\t\t<\/div>\n\t\t\t\t<\/div>\n\t\t\t\t<\/div>\n\t\t\t\t\t<\/div>\n\t\t\t\t<\/div>\n\t\t\t\t<div class=\"elementor-element elementor-element-f39c42c wpr-button-icon-style-inline wpr-button-icon-position-right elementor-widget elementor-widget-wpr-button\" data-id=\"f39c42c\" data-element_type=\"widget\" data-e-type=\"widget\" data-widget_type=\"wpr-button.default\">\n\t\t\t\t<div class=\"elementor-widget-container\">\n\t\t\t\t\t\t\n\t\t\t\n\t\t\n\t\t<div class=\"wpr-button-wrap elementor-clearfix\">\n\t\t<a class=\"wpr-button wpr-button-effect wpr-button-none\" data-text=\"\" href=\"https:\/\/tr.virtualcampus.followapp-project.eu\/\" target=\"_blank\">\n\t\t\t\n\t\t\t<span class=\"wpr-button-content\">\n\t\t\t\t\t\t\t\t\t<span class=\"wpr-button-text\">Sanal Kamp\u00fcse Eri\u015fim<\/span>\n\t\t\t\t\t\t\t\t\n\t\t\t\t\t\t\t<\/span>\n\t\t<\/a>\n\n\t\t\t\t<\/div>\n\t\n\t\n\t\t\t\t\t<\/div>\n\t\t\t\t<\/div>\n\t\t\t\t<div class=\"elementor-element elementor-element-5eac592 elementor-widget elementor-widget-heading\" data-id=\"5eac592\" data-element_type=\"widget\" data-e-type=\"widget\" data-widget_type=\"heading.default\">\n\t\t\t\t<div class=\"elementor-widget-container\">\n\t\t\t\t\t<h3 class=\"elementor-heading-title elementor-size-default\">\u0130kili Mesleki E\u011fitim ve \u00d6\u011fretimde \u00d6\u011frencileirn Mezun Takibine \u0130li\u015fkin Mobil Uygulama<\/h3>\t\t\t\t<\/div>\n\t\t\t\t<\/div>\n\t\t<div class=\"elementor-element elementor-element-e22a63a e-flex e-con-boxed wpr-particle-no wpr-jarallax-no wpr-parallax-no wpr-sticky-section-no wpr-equal-height-no e-con e-child\" data-id=\"e22a63a\" data-element_type=\"container\" data-e-type=\"container\" data-settings=\"{&quot;background_background&quot;:&quot;classic&quot;}\">\n\t\t\t\t\t<div class=\"e-con-inner\">\n\t\t<div class=\"elementor-element elementor-element-a7e7d9f e-con-full e-flex wpr-particle-no wpr-jarallax-no wpr-parallax-no wpr-sticky-section-no wpr-equal-height-no e-con e-child\" data-id=\"a7e7d9f\" data-element_type=\"container\" data-e-type=\"container\">\n\t\t\t\t<div class=\"elementor-element elementor-element-6abadd9 elementor-widget elementor-widget-text-editor\" data-id=\"6abadd9\" data-element_type=\"widget\" data-e-type=\"widget\" data-widget_type=\"text-editor.default\">\n\t\t\t\t<div class=\"elementor-widget-container\">\n\t\t\t\t\t\t\t\t\t<p>\u00c7ift e\u011fitim mezunlar\u0131n\u0131 takip etmek i\u00e7in pratik ve yenilik\u00e7i bir \u00e7evrimi\u00e7i ara\u00e7. Mobil uygulama, mezun takip mekanizmalar\u0131n\u0131n uygulanmas\u0131n\u0131 kolayla\u015ft\u0131r\u0131r, mezun programlar\u0131n\u0131n olu\u015fturulmas\u0131n\u0131 ve s\u00fcrd\u00fcr\u00fclmesini sa\u011flar ve \u00e7e\u015fitli payda\u015flar i\u00e7in mezun takip sonu\u00e7lar\u0131na kolay eri\u015fim sa\u011flar.<\/p>\t\t\t\t\t\t\t\t<\/div>\n\t\t\t\t<\/div>\n\t\t\t\t<\/div>\n\t\t<div class=\"elementor-element elementor-element-2f88383 e-con-full e-flex wpr-particle-no wpr-jarallax-no wpr-parallax-no wpr-sticky-section-no wpr-equal-height-no e-con e-child\" data-id=\"2f88383\" data-element_type=\"container\" data-e-type=\"container\">\n\t\t\t\t<div class=\"elementor-element elementor-element-8bc4506 elementor-widget elementor-widget-image\" data-id=\"8bc4506\" data-element_type=\"widget\" data-e-type=\"widget\" data-widget_type=\"image.default\">\n\t\t\t\t<div class=\"elementor-widget-container\">\n\t\t\t\t\t\t\t\t\t\t\t\t\t\t\t<img decoding=\"async\" width=\"300\" height=\"300\" src=\"https:\/\/followapp-project.eu\/wp-content\/uploads\/2023\/10\/img_virtual_campus.png\" class=\"attachment-large size-large wp-image-121\" alt=\"\" srcset=\"https:\/\/followapp-project.eu\/wp-content\/uploads\/2023\/10\/img_virtual_campus.png 300w, https:\/\/followapp-project.eu\/wp-content\/uploads\/2023\/10\/img_virtual_campus-150x150.png 150w\" sizes=\"(max-width: 300px) 100vw, 300px\" \/>\t\t\t\t\t\t\t\t\t\t\t\t\t\t\t<\/div>\n\t\t\t\t<\/div>\n\t\t\t\t<\/div>\n\t\t\t\t\t<\/div>\n\t\t\t\t<\/div>\n\t\t\t\t<div class=\"elementor-element elementor-element-89a25d5 wpr-button-icon-style-inline wpr-button-icon-position-right elementor-widget elementor-widget-wpr-button\" data-id=\"89a25d5\" data-element_type=\"widget\" data-e-type=\"widget\" data-widget_type=\"wpr-button.default\">\n\t\t\t\t<div class=\"elementor-widget-container\">\n\t\t\t\t\t\t\n\t\t\t\n\t\t\n\t\t<div class=\"wpr-button-wrap elementor-clearfix\">\n\t\t<a class=\"wpr-button wpr-button-effect wpr-button-none\" data-text=\"\" href=\"https:\/\/follow-app.innoqualitysystems.com\/index_tr\" target=\"_blank\">\n\t\t\t\n\t\t\t<span class=\"wpr-button-content\">\n\t\t\t\t\t\t\t\t\t<span class=\"wpr-button-text\">Mobil uygulamaya eri\u015fin<\/span>\n\t\t\t\t\t\t\t\t\n\t\t\t\t\t\t\t<\/span>\n\t\t<\/a>\n\n\t\t\t\t<\/div>\n\t\n\t\n\t\t\t\t\t<\/div>\n\t\t\t\t<\/div>\n\t\t\t\t<div class=\"elementor-element elementor-element-82d9c4f elementor-widget elementor-widget-heading\" data-id=\"82d9c4f\" data-element_type=\"widget\" data-e-type=\"widget\" data-widget_type=\"heading.default\">\n\t\t\t\t<div class=\"elementor-widget-container\">\n\t\t\t\t\t<h3 class=\"elementor-heading-title elementor-size-default\">\u0130spanya, \u0130talya, Yunanistan ve T\u00fcrkiye'de mesleki e\u011fitim \u00f6\u011fretmenleri, dan\u0131\u015fmanlar, \u015firket i\u00e7i e\u011fitmenler, usta \u00f6\u011freticiler ve \u00e7\u0131raklar\u0131 kapsayan pilot uygulama faaliyetleri<\/h3>\t\t\t\t<\/div>\n\t\t\t\t<\/div>\n\t\t<div class=\"elementor-element elementor-element-da92dea e-flex e-con-boxed wpr-particle-no wpr-jarallax-no wpr-parallax-no wpr-sticky-section-no wpr-equal-height-no e-con e-child\" data-id=\"da92dea\" data-element_type=\"container\" data-e-type=\"container\" data-settings=\"{&quot;background_background&quot;:&quot;classic&quot;}\">\n\t\t\t\t\t<div class=\"e-con-inner\">\n\t\t<div class=\"elementor-element elementor-element-2ea1f6a e-con-full e-flex wpr-particle-no wpr-jarallax-no wpr-parallax-no wpr-sticky-section-no wpr-equal-height-no e-con e-child\" data-id=\"2ea1f6a\" data-element_type=\"container\" data-e-type=\"container\">\n\t\t\t\t<div class=\"elementor-element elementor-element-1f7be3a elementor-widget elementor-widget-text-editor\" data-id=\"1f7be3a\" data-element_type=\"widget\" data-e-type=\"widget\" data-widget_type=\"text-editor.default\">\n\t\t\t\t<div class=\"elementor-widget-container\">\n\t\t\t\t\t\t\t\t\t<p>\u0130spanya, \u0130talya, Yunanistan ve T\u00fcrkiye&#8217;de pilot a\u015fama geli\u015ftirilerek, sanal CAMPUS FOLLOW APP ve mobil uygulaman\u0131n son kullan\u0131c\u0131lar taraf\u0131ndan kapsaml\u0131 bir \u015fekilde test edilmesi ve bu kullan\u0131c\u0131lardan geri bildirim toplanarak bir dizi k\u0131lavuz ve \u00f6neri geli\u015ftirilmesi.<\/p>\t\t\t\t\t\t\t\t<\/div>\n\t\t\t\t<\/div>\n\t\t\t\t<\/div>\n\t\t<div class=\"elementor-element elementor-element-d516f27 e-con-full e-flex wpr-particle-no wpr-jarallax-no wpr-parallax-no wpr-sticky-section-no wpr-equal-height-no e-con e-child\" data-id=\"d516f27\" data-element_type=\"container\" data-e-type=\"container\">\n\t\t\t\t<\/div>\n\t\t\t\t\t<\/div>\n\t\t\t\t<\/div>\n\t\t\t\t<div class=\"elementor-element elementor-element-7d715ee elementor-widget elementor-widget-heading\" data-id=\"7d715ee\" data-element_type=\"widget\" data-e-type=\"widget\" data-widget_type=\"heading.default\">\n\t\t\t\t<div class=\"elementor-widget-container\">\n\t\t\t\t\t<h3 class=\"elementor-heading-title elementor-size-default\">\nPilot uygulama faaliyetlerin sonu\u00e7lar\u0131na dayal\u0131 olarak \u0130kili ME\u00d6 \u00f6\u011frencilerinin mezun takibine ili\u015fkin K\u0131lavuz \u0130lkeler ve Tavsiyeler<\/h3>\t\t\t\t<\/div>\n\t\t\t\t<\/div>\n\t\t<div class=\"elementor-element elementor-element-bb1cce1 e-flex e-con-boxed wpr-particle-no wpr-jarallax-no wpr-parallax-no wpr-sticky-section-no wpr-equal-height-no e-con e-child\" data-id=\"bb1cce1\" data-element_type=\"container\" data-e-type=\"container\" data-settings=\"{&quot;background_background&quot;:&quot;classic&quot;}\">\n\t\t\t\t\t<div class=\"e-con-inner\">\n\t\t<div class=\"elementor-element elementor-element-2b1b819 e-con-full e-flex wpr-particle-no wpr-jarallax-no wpr-parallax-no wpr-sticky-section-no wpr-equal-height-no e-con e-child\" data-id=\"2b1b819\" data-element_type=\"container\" data-e-type=\"container\">\n\t\t\t\t<div class=\"elementor-element elementor-element-f499104 elementor-widget elementor-widget-text-editor\" data-id=\"f499104\" data-element_type=\"widget\" data-e-type=\"widget\" data-widget_type=\"text-editor.default\">\n\t\t\t\t<div class=\"elementor-widget-container\">\n\t\t\t\t\t\t\t\t\t<p>Avrupa d\u00fczeyinde DUAL VET&#8217;teki \u00e7\u0131raklar\u0131n mezuniyet takibinde \u015feffafl\u0131\u011f\u0131 ve tan\u0131n\u0131rl\u0131\u011f\u0131 art\u0131rmak i\u00e7in tutarl\u0131 bir dizi pratik k\u0131lavuz ve \u00f6neri i\u00e7eren referans belge.<\/p>\t\t\t\t\t\t\t\t<\/div>\n\t\t\t\t<\/div>\n\t\t\t\t<\/div>\n\t\t<div class=\"elementor-element elementor-element-bdd1a39 e-con-full e-flex wpr-particle-no wpr-jarallax-no wpr-parallax-no wpr-sticky-section-no wpr-equal-height-no e-con e-child\" data-id=\"bdd1a39\" data-element_type=\"container\" data-e-type=\"container\">\n\t\t\t\t<div class=\"elementor-element elementor-element-7884c19 elementor-widget elementor-widget-image\" data-id=\"7884c19\" data-element_type=\"widget\" data-e-type=\"widget\" data-widget_type=\"image.default\">\n\t\t\t\t<div class=\"elementor-widget-container\">\n\t\t\t\t\t\t\t\t\t\t\t\t\t\t\t<img fetchpriority=\"high\" decoding=\"async\" width=\"300\" height=\"359\" src=\"https:\/\/followapp-project.eu\/wp-content\/uploads\/2023\/10\/img_pdf.png\" class=\"attachment-large size-large wp-image-120\" alt=\"\" srcset=\"https:\/\/followapp-project.eu\/wp-content\/uploads\/2023\/10\/img_pdf.png 300w, https:\/\/followapp-project.eu\/wp-content\/uploads\/2023\/10\/img_pdf-251x300.png 251w\" sizes=\"(max-width: 300px) 100vw, 300px\" \/>\t\t\t\t\t\t\t\t\t\t\t\t\t\t\t<\/div>\n\t\t\t\t<\/div>\n\t\t\t\t<\/div>\n\t\t\t\t\t<\/div>\n\t\t\t\t<\/div>\n\t\t\t\t<div class=\"elementor-element elementor-element-38226b8 wpr-button-icon-style-inline wpr-button-icon-position-right elementor-widget elementor-widget-wpr-button\" data-id=\"38226b8\" data-element_type=\"widget\" data-e-type=\"widget\" data-widget_type=\"wpr-button.default\">\n\t\t\t\t<div class=\"elementor-widget-container\">\n\t\t\t\t\t\t\n\t\t\t\n\t\t\n\t\t<div class=\"wpr-button-wrap elementor-clearfix\">\n\t\t<a class=\"wpr-button wpr-button-effect wpr-button-none\" data-text=\"\" href=\"https:\/\/followapp-project.eu\/wp-content\/uploads\/2026\/01\/FOLLOW-APP_Guidelines_Recommendations_TR_ok.pdf\" target=\"_blank\">\n\t\t\t\n\t\t\t<span class=\"wpr-button-content\">\n\t\t\t\t\t\t\t\t\t<span class=\"wpr-button-text\">Belgeyi indirin <\/span>\n\t\t\t\t\t\t\t\t\n\t\t\t\t\t\t\t<\/span>\n\t\t<\/a>\n\n\t\t\t\t<\/div>\n\t\n\t\n\t\t\t\t\t<\/div>\n\t\t\t\t<\/div>\n\t\t\t\t\t<\/div>\n\t\t\t\t<\/div>\n\t\t\t\t\t<\/div>\n\t\t\t\t<\/div>\n\t\t\t\t<\/div>\n\t\t","protected":false},"excerpt":{"rendered":"<p>Proje Sonu\u00e7lar\u0131 \u0130kili Mesleki E\u011fitimde Mezun Takibinde Avrupa Yeterlilikler \u00c7er\u00e7evesi DUAL VET&#8217;te \u00e7\u0131raklar\u0131n istihdam ve kariyer geli\u015fimini takip etmek i\u00e7in yetkinliklerin referans \u00e7er\u00e7evesi, EQF gibi Avrupa standartlar\u0131 ve referans \u00e7er\u00e7evelerini takip ederek, Avrupa genelinde anla\u015f\u0131labilir bir ortak dil kullanarak yetkinlikleri, becerileri, bilgileri ve yeterlilik seviyelerini tan\u0131mlar. Belgeyi indirin FOLLOW APP Sanal Kamp\u00fcs \u00c7evrimi\u00e7i ICT tabanl\u0131 e\u011fitim sunumu ve y\u00f6netim arac\u0131, OER&#8217;ler olarak bilgi, ara\u00e7lar ve yenilik\u00e7i kaynaklara eri\u015fim sa\u011flar. Sanal KAMP\u00dcS, mesleki e\u011fitim \u00f6\u011fretmenlerinin, dan\u0131\u015fmanlar\u0131n\u0131n ve \u015firket i\u00e7i e\u011fitmenlerin, DUAL VET&#8217;te mezunlar\u0131n izlenmesi ile ilgili olarak \u00e7\u0131raklara destek vermek i\u00e7in gerekli yetkinlikleri kazanmalar\u0131n\u0131 sa\u011flar. Payda\u015flar ve hedef gruplar i\u00e7in bir a\u011f olu\u015fturma, payla\u015f\u0131m ve tan\u0131t\u0131m merkezi olarak \u00e7al\u0131\u015f\u0131r ve proje faaliyetlerinin ve sonu\u00e7lar\u0131n\u0131n yayg\u0131nla\u015ft\u0131r\u0131lmas\u0131na yard\u0131mc\u0131 olur. Sanal Kamp\u00fcse Eri\u015fim \u0130kili Mesleki E\u011fitim ve \u00d6\u011fretimde \u00d6\u011frencileirn Mezun Takibine \u0130li\u015fkin Mobil Uygulama \u00c7ift e\u011fitim mezunlar\u0131n\u0131 takip etmek i\u00e7in pratik ve yenilik\u00e7i bir \u00e7evrimi\u00e7i ara\u00e7. Mobil uygulama, mezun takip mekanizmalar\u0131n\u0131n uygulanmas\u0131n\u0131 kolayla\u015ft\u0131r\u0131r, mezun programlar\u0131n\u0131n olu\u015fturulmas\u0131n\u0131 ve s\u00fcrd\u00fcr\u00fclmesini sa\u011flar ve \u00e7e\u015fitli payda\u015flar i\u00e7in mezun takip sonu\u00e7lar\u0131na kolay eri\u015fim sa\u011flar. Mobil uygulamaya eri\u015fin \u0130spanya, \u0130talya, Yunanistan ve T\u00fcrkiye&#8217;de mesleki e\u011fitim \u00f6\u011fretmenleri, dan\u0131\u015fmanlar, \u015firket i\u00e7i e\u011fitmenler, usta \u00f6\u011freticiler ve \u00e7\u0131raklar\u0131 kapsayan pilot uygulama faaliyetleri \u0130spanya, \u0130talya, Yunanistan ve T\u00fcrkiye&#8217;de pilot a\u015fama geli\u015ftirilerek, sanal CAMPUS FOLLOW APP ve mobil uygulaman\u0131n son kullan\u0131c\u0131lar taraf\u0131ndan kapsaml\u0131 bir \u015fekilde test edilmesi ve bu kullan\u0131c\u0131lardan geri bildirim toplanarak bir dizi k\u0131lavuz ve \u00f6neri geli\u015ftirilmesi. Pilot uygulama faaliyetlerin sonu\u00e7lar\u0131na dayal\u0131 olarak \u0130kili ME\u00d6 \u00f6\u011frencilerinin mezun takibine ili\u015fkin K\u0131lavuz \u0130lkeler ve Tavsiyeler Avrupa d\u00fczeyinde DUAL VET&#8217;teki \u00e7\u0131raklar\u0131n mezuniyet takibinde \u015feffafl\u0131\u011f\u0131 ve tan\u0131n\u0131rl\u0131\u011f\u0131 art\u0131rmak i\u00e7in tutarl\u0131 bir dizi pratik k\u0131lavuz ve \u00f6neri i\u00e7eren referans belge. Belgeyi indirin<\/p>\n","protected":false},"author":1,"featured_media":0,"parent":0,"menu_order":0,"comment_status":"closed","ping_status":"closed","template":"elementor_header_footer","meta":{"_acf_changed":false,"footnotes":""},"class_list":["post-664","page","type-page","status-publish","hentry"],"acf":[],"_links":{"self":[{"href":"https:\/\/followapp-project.eu\/tr\/wp-json\/wp\/v2\/pages\/664","targetHints":{"allow":["GET"]}}],"collection":[{"href":"https:\/\/followapp-project.eu\/tr\/wp-json\/wp\/v2\/pages"}],"about":[{"href":"https:\/\/followapp-project.eu\/tr\/wp-json\/wp\/v2\/types\/page"}],"author":[{"embeddable":true,"href":"https:\/\/followapp-project.eu\/tr\/wp-json\/wp\/v2\/users\/1"}],"replies":[{"embeddable":true,"href":"https:\/\/followapp-project.eu\/tr\/wp-json\/wp\/v2\/comments?post=664"}],"version-history":[{"count":25,"href":"https:\/\/followapp-project.eu\/tr\/wp-json\/wp\/v2\/pages\/664\/revisions"}],"predecessor-version":[{"id":1348,"href":"https:\/\/followapp-project.eu\/tr\/wp-json\/wp\/v2\/pages\/664\/revisions\/1348"}],"wp:attachment":[{"href":"https:\/\/followapp-project.eu\/tr\/wp-json\/wp\/v2\/media?parent=664"}],"curies":[{"name":"wp","href":"https:\/\/api.w.org\/{rel}","templated":true}]}}