{"id":654,"date":"2023-09-29T08:48:18","date_gmt":"2023-09-29T06:48:18","guid":{"rendered":"https:\/\/followapp-project.eu\/ortaklar\/"},"modified":"2025-03-24T13:18:51","modified_gmt":"2025-03-24T12:18:51","slug":"ortaklar","status":"publish","type":"page","link":"https:\/\/followapp-project.eu\/tr\/ortaklar\/","title":{"rendered":"Ortaklar"},"content":{"rendered":"\t\t<div data-elementor-type=\"wp-page\" data-elementor-id=\"654\" class=\"elementor elementor-654 elementor-19\">\n\t\t\t\t<div class=\"elementor-element elementor-element-4331669 e-con-full e-flex wpr-particle-no wpr-jarallax-no wpr-parallax-no wpr-sticky-section-no wpr-equal-height-no e-con e-parent\" data-id=\"4331669\" data-element_type=\"container\" data-e-type=\"container\" data-settings=\"{&quot;background_background&quot;:&quot;classic&quot;}\">\n\t\t<div class=\"elementor-element elementor-element-e6f244a e-con-full e-flex wpr-particle-no wpr-jarallax-no wpr-parallax-no wpr-sticky-section-no wpr-equal-height-no e-con e-child\" data-id=\"e6f244a\" data-element_type=\"container\" data-e-type=\"container\">\n\t\t\t\t<div class=\"elementor-element elementor-element-2660e41 elementor-widget elementor-widget-heading\" data-id=\"2660e41\" data-element_type=\"widget\" data-e-type=\"widget\" data-widget_type=\"heading.default\">\n\t\t\t\t<div class=\"elementor-widget-container\">\n\t\t\t\t\t<h2 class=\"elementor-heading-title elementor-size-default\">Ortaklar<\/h2>\t\t\t\t<\/div>\n\t\t\t\t<\/div>\n\t\t\t\t<div class=\"elementor-element elementor-element-398259c elementor-widget elementor-widget-text-editor\" data-id=\"398259c\" data-element_type=\"widget\" data-e-type=\"widget\" data-widget_type=\"text-editor.default\">\n\t\t\t\t<div class=\"elementor-widget-container\">\n\t\t\t\t\t\t\t\t\t<p>FOLLOW APP projesi, 5 \u00fclkeden 7 orta\u011fa dayanmaktad\u0131r. Bu ortaklar; WBL &#8211; \u0130\u015f Ya\u015fam\u0131 Temelli \u00d6\u011frenme (Work-Based Learning, WBL) ve \u00c7\u0131rakl\u0131k programlar\u0131n\u0131n y\u00f6netimi ve desteklenmesi, ME\u00d6 (Mesleki E\u011fitim ve \u00d6\u011fretim) sistemlerinin dijitalle\u015ftirilmesi ve EQAVET &#8211; Mesleki E\u011fitim ve \u00d6\u011fretimde Avrupa Kalite G\u00fcvencesi (European Quality Assurance in Vocational Education and Training) konular\u0131nda geni\u015f deneyime sahiptir. Bu ortaklar, gerek proje konu ba\u015f\u0131klar\u0131ndaki uzmanl\u0131k ve tecr\u00fcbeleriyle gerek projenin sonu\u00e7lar\u0131n\u0131 payla\u015fmaya, tan\u0131tmaya ve yayg\u0131nla\u015ft\u0131rmaya katk\u0131 sa\u011flayacak geni\u015f bir payda\u015f kitlesine hitap eden a\u011f tabanlar\u0131 sayesinde projenin ama\u00e7lar\u0131na ula\u015fmas\u0131nda katk\u0131da bulunacakt\u0131r.<\/p>\n\t\t\t\t\t\t\t\t<\/div>\n\t\t\t\t<\/div>\n\t\t\t\t<\/div>\n\t\t<div class=\"elementor-element elementor-element-4a91b2f e-con-full e-flex wpr-particle-no wpr-jarallax-no wpr-parallax-no wpr-sticky-section-no wpr-equal-height-no e-con e-child\" data-id=\"4a91b2f\" data-element_type=\"container\" data-e-type=\"container\">\n\t\t\t\t<div class=\"elementor-element elementor-element-1d9ce4e elementor-widget elementor-widget-image\" data-id=\"1d9ce4e\" data-element_type=\"widget\" data-e-type=\"widget\" data-widget_type=\"image.default\">\n\t\t\t\t<div class=\"elementor-widget-container\">\n\t\t\t\t\t\t\t\t\t\t\t\t\t\t\t<img fetchpriority=\"high\" decoding=\"async\" width=\"800\" height=\"604\" src=\"https:\/\/followapp-project.eu\/wp-content\/uploads\/2023\/10\/mapa-1024x773.png\" class=\"attachment-large size-large wp-image-190\" alt=\"\" srcset=\"https:\/\/followapp-project.eu\/wp-content\/uploads\/2023\/10\/mapa-1024x773.png 1024w, https:\/\/followapp-project.eu\/wp-content\/uploads\/2023\/10\/mapa-300x226.png 300w, https:\/\/followapp-project.eu\/wp-content\/uploads\/2023\/10\/mapa-768x580.png 768w, https:\/\/followapp-project.eu\/wp-content\/uploads\/2023\/10\/mapa.png 1191w\" sizes=\"(max-width: 800px) 100vw, 800px\" \/>\t\t\t\t\t\t\t\t\t\t\t\t\t\t\t<\/div>\n\t\t\t\t<\/div>\n\t\t\t\t<\/div>\n\t\t\t\t<\/div>\n\t\t<div class=\"elementor-element elementor-element-9b9ffa6 e-flex e-con-boxed wpr-particle-no wpr-jarallax-no wpr-parallax-no wpr-sticky-section-no wpr-equal-height-no e-con e-parent\" data-id=\"9b9ffa6\" data-element_type=\"container\" data-e-type=\"container\">\n\t\t\t\t\t<div class=\"e-con-inner\">\n\t\t<div class=\"elementor-element elementor-element-fcf0833 e-con-full e-flex wpr-particle-no wpr-jarallax-no wpr-parallax-no wpr-sticky-section-no wpr-equal-height-no e-con e-child\" data-id=\"fcf0833\" data-element_type=\"container\" data-e-type=\"container\">\n\t\t\t\t<div class=\"elementor-element elementor-element-cf58be6 elementor-widget elementor-widget-image\" data-id=\"cf58be6\" data-element_type=\"widget\" data-e-type=\"widget\" data-widget_type=\"image.default\">\n\t\t\t\t<div class=\"elementor-widget-container\">\n\t\t\t\t\t\t\t\t\t\t\t\t\t\t\t\t<a href=\"https:\/\/www.infodef.es\" target=\"_blank\">\n\t\t\t\t\t\t\t<img decoding=\"async\" width=\"391\" height=\"313\" src=\"https:\/\/followapp-project.eu\/wp-content\/uploads\/2023\/10\/infodef.png\" class=\"attachment-large size-large wp-image-200\" alt=\"\" srcset=\"https:\/\/followapp-project.eu\/wp-content\/uploads\/2023\/10\/infodef.png 391w, https:\/\/followapp-project.eu\/wp-content\/uploads\/2023\/10\/infodef-300x240.png 300w\" sizes=\"(max-width: 391px) 100vw, 391px\" \/>\t\t\t\t\t\t\t\t<\/a>\n\t\t\t\t\t\t\t\t\t\t\t\t\t\t\t<\/div>\n\t\t\t\t<\/div>\n\t\t\t\t<div class=\"elementor-element elementor-element-e74f766 elementor-widget elementor-widget-heading\" data-id=\"e74f766\" data-element_type=\"widget\" data-e-type=\"widget\" data-widget_type=\"heading.default\">\n\t\t\t\t<div class=\"elementor-widget-container\">\n\t\t\t\t\t<h5 class=\"elementor-heading-title elementor-size-default\">INFODEF - Institute for the Promotion of\nDevelopment and Training<\/h5>\t\t\t\t<\/div>\n\t\t\t\t<\/div>\n\t\t\t\t<div class=\"elementor-element elementor-element-84fa744 elementor-widget elementor-widget-heading\" data-id=\"84fa744\" data-element_type=\"widget\" data-e-type=\"widget\" data-widget_type=\"heading.default\">\n\t\t\t\t<div class=\"elementor-widget-container\">\n\t\t\t\t\t<span class=\"elementor-heading-title elementor-size-default\">(\u0130spanya)<\/span>\t\t\t\t<\/div>\n\t\t\t\t<\/div>\n\t\t\t\t<div class=\"elementor-element elementor-element-c2514ed elementor-widget elementor-widget-text-editor\" data-id=\"c2514ed\" data-element_type=\"widget\" data-e-type=\"widget\" data-widget_type=\"text-editor.default\">\n\t\t\t\t<div class=\"elementor-widget-container\">\n\t\t\t\t\t\t\t\t\t<p><a style=\"color: #00e195; font-weight: 400;\" href=\"https:\/\/www.infodef.es\" target=\"_blank\" rel=\"noopener\">www.infodef.es<\/a><\/p>\n\t\t\t\t\t\t\t\t<\/div>\n\t\t\t\t<\/div>\n\t\t\t\t<\/div>\n\t\t<div class=\"elementor-element elementor-element-0946b64 e-con-full e-flex wpr-particle-no wpr-jarallax-no wpr-parallax-no wpr-sticky-section-no wpr-equal-height-no e-con e-child\" data-id=\"0946b64\" data-element_type=\"container\" data-e-type=\"container\">\n\t\t\t\t<div class=\"elementor-element elementor-element-1d4f2de elementor-widget elementor-widget-image\" data-id=\"1d4f2de\" data-element_type=\"widget\" data-e-type=\"widget\" data-widget_type=\"image.default\">\n\t\t\t\t<div class=\"elementor-widget-container\">\n\t\t\t\t\t\t\t\t\t\t\t\t\t\t\t\t<a href=\"https:\/\/www.csf.lombardia.it\/\" target=\"_blank\">\n\t\t\t\t\t\t\t<img decoding=\"async\" width=\"391\" height=\"313\" src=\"https:\/\/followapp-project.eu\/wp-content\/uploads\/2023\/10\/csf.png\" class=\"attachment-large size-large wp-image-199\" alt=\"\" srcset=\"https:\/\/followapp-project.eu\/wp-content\/uploads\/2023\/10\/csf.png 391w, https:\/\/followapp-project.eu\/wp-content\/uploads\/2023\/10\/csf-300x240.png 300w\" sizes=\"(max-width: 391px) 100vw, 391px\" \/>\t\t\t\t\t\t\t\t<\/a>\n\t\t\t\t\t\t\t\t\t\t\t\t\t\t\t<\/div>\n\t\t\t\t<\/div>\n\t\t\t\t<div class=\"elementor-element elementor-element-0229f62 elementor-widget elementor-widget-heading\" data-id=\"0229f62\" data-element_type=\"widget\" data-e-type=\"widget\" data-widget_type=\"heading.default\">\n\t\t\t\t<div class=\"elementor-widget-container\">\n\t\t\t\t\t<h5 class=\"elementor-heading-title elementor-size-default\">CSF - Centro Servizi Formazione<\/h5>\t\t\t\t<\/div>\n\t\t\t\t<\/div>\n\t\t\t\t<div class=\"elementor-element elementor-element-ecc7c3e elementor-widget elementor-widget-heading\" data-id=\"ecc7c3e\" data-element_type=\"widget\" data-e-type=\"widget\" data-widget_type=\"heading.default\">\n\t\t\t\t<div class=\"elementor-widget-container\">\n\t\t\t\t\t<span class=\"elementor-heading-title elementor-size-default\">(\u0130talya)<\/span>\t\t\t\t<\/div>\n\t\t\t\t<\/div>\n\t\t\t\t<div class=\"elementor-element elementor-element-7845eb2 elementor-widget elementor-widget-text-editor\" data-id=\"7845eb2\" data-element_type=\"widget\" data-e-type=\"widget\" data-widget_type=\"text-editor.default\">\n\t\t\t\t<div class=\"elementor-widget-container\">\n\t\t\t\t\t\t\t\t\t<p><a style=\"color: #00e195; font-weight: 400;\" href=\"https:\/\/www.csf.lombardia.it\/\" target=\"_blank\" rel=\"noopener\">www.csf.lombardia.it<\/a><\/p>\n\t\t\t\t\t\t\t\t<\/div>\n\t\t\t\t<\/div>\n\t\t\t\t<\/div>\n\t\t<div class=\"elementor-element elementor-element-a288f01 e-con-full e-flex wpr-particle-no wpr-jarallax-no wpr-parallax-no wpr-sticky-section-no wpr-equal-height-no e-con e-child\" data-id=\"a288f01\" data-element_type=\"container\" data-e-type=\"container\">\n\t\t\t\t<div class=\"elementor-element elementor-element-7503ba0 elementor-widget elementor-widget-image\" data-id=\"7503ba0\" data-element_type=\"widget\" data-e-type=\"widget\" data-widget_type=\"image.default\">\n\t\t\t\t<div class=\"elementor-widget-container\">\n\t\t\t\t\t\t\t\t\t\t\t\t\t\t\t\t<a href=\"https:\/\/www.dimitra.gr\/\" target=\"_blank\">\n\t\t\t\t\t\t\t<img loading=\"lazy\" decoding=\"async\" width=\"391\" height=\"313\" src=\"https:\/\/followapp-project.eu\/wp-content\/uploads\/2023\/10\/dimitra.png\" class=\"attachment-large size-large wp-image-198\" alt=\"\" srcset=\"https:\/\/followapp-project.eu\/wp-content\/uploads\/2023\/10\/dimitra.png 391w, https:\/\/followapp-project.eu\/wp-content\/uploads\/2023\/10\/dimitra-300x240.png 300w\" sizes=\"(max-width: 391px) 100vw, 391px\" \/>\t\t\t\t\t\t\t\t<\/a>\n\t\t\t\t\t\t\t\t\t\t\t\t\t\t\t<\/div>\n\t\t\t\t<\/div>\n\t\t\t\t<div class=\"elementor-element elementor-element-f6345a4 elementor-widget elementor-widget-heading\" data-id=\"f6345a4\" data-element_type=\"widget\" data-e-type=\"widget\" data-widget_type=\"heading.default\">\n\t\t\t\t<div class=\"elementor-widget-container\">\n\t\t\t\t\t<h5 class=\"elementor-heading-title elementor-size-default\">DIMITRA Education &amp; Consulting<\/h5>\t\t\t\t<\/div>\n\t\t\t\t<\/div>\n\t\t\t\t<div class=\"elementor-element elementor-element-ab925c5 elementor-widget elementor-widget-heading\" data-id=\"ab925c5\" data-element_type=\"widget\" data-e-type=\"widget\" data-widget_type=\"heading.default\">\n\t\t\t\t<div class=\"elementor-widget-container\">\n\t\t\t\t\t<span class=\"elementor-heading-title elementor-size-default\">(Yunanistan)<\/span>\t\t\t\t<\/div>\n\t\t\t\t<\/div>\n\t\t\t\t<div class=\"elementor-element elementor-element-8f015fa elementor-widget elementor-widget-text-editor\" data-id=\"8f015fa\" data-element_type=\"widget\" data-e-type=\"widget\" data-widget_type=\"text-editor.default\">\n\t\t\t\t<div class=\"elementor-widget-container\">\n\t\t\t\t\t\t\t\t\t<p><a style=\"color: #00e195; font-weight: 400;\" href=\"https:\/\/www.dimitra.gr\/\" target=\"_blank\" rel=\"noopener\">www.dimitra.gr<\/a><\/p>\n\t\t\t\t\t\t\t\t<\/div>\n\t\t\t\t<\/div>\n\t\t\t\t<\/div>\n\t\t<div class=\"elementor-element elementor-element-96a350c e-con-full e-flex wpr-particle-no wpr-jarallax-no wpr-parallax-no wpr-sticky-section-no wpr-equal-height-no e-con e-child\" data-id=\"96a350c\" data-element_type=\"container\" data-e-type=\"container\">\n\t\t\t\t<div class=\"elementor-element elementor-element-d218655 elementor-widget elementor-widget-image\" data-id=\"d218655\" data-element_type=\"widget\" data-e-type=\"widget\" data-widget_type=\"image.default\">\n\t\t\t\t<div class=\"elementor-widget-container\">\n\t\t\t\t\t\t\t\t\t\t\t\t\t\t\t\t<a href=\"https:\/\/www.assforseo.it\/\" target=\"_blank\">\n\t\t\t\t\t\t\t<img loading=\"lazy\" decoding=\"async\" width=\"391\" height=\"313\" src=\"https:\/\/followapp-project.eu\/wp-content\/uploads\/2023\/10\/afs.png\" class=\"attachment-large size-large wp-image-197\" alt=\"\" srcset=\"https:\/\/followapp-project.eu\/wp-content\/uploads\/2023\/10\/afs.png 391w, https:\/\/followapp-project.eu\/wp-content\/uploads\/2023\/10\/afs-300x240.png 300w\" sizes=\"(max-width: 391px) 100vw, 391px\" \/>\t\t\t\t\t\t\t\t<\/a>\n\t\t\t\t\t\t\t\t\t\t\t\t\t\t\t<\/div>\n\t\t\t\t<\/div>\n\t\t\t\t<div class=\"elementor-element elementor-element-19c63ab elementor-widget elementor-widget-heading\" data-id=\"19c63ab\" data-element_type=\"widget\" data-e-type=\"widget\" data-widget_type=\"heading.default\">\n\t\t\t\t<div class=\"elementor-widget-container\">\n\t\t\t\t\t<h5 class=\"elementor-heading-title elementor-size-default\">ASS.FOR.SEO<\/h5>\t\t\t\t<\/div>\n\t\t\t\t<\/div>\n\t\t\t\t<div class=\"elementor-element elementor-element-443eaf1 elementor-widget elementor-widget-heading\" data-id=\"443eaf1\" data-element_type=\"widget\" data-e-type=\"widget\" data-widget_type=\"heading.default\">\n\t\t\t\t<div class=\"elementor-widget-container\">\n\t\t\t\t\t<span class=\"elementor-heading-title elementor-size-default\">(\u0130talya)<\/span>\t\t\t\t<\/div>\n\t\t\t\t<\/div>\n\t\t\t\t<div class=\"elementor-element elementor-element-2a8544e elementor-widget elementor-widget-text-editor\" data-id=\"2a8544e\" data-element_type=\"widget\" data-e-type=\"widget\" data-widget_type=\"text-editor.default\">\n\t\t\t\t<div class=\"elementor-widget-container\">\n\t\t\t\t\t\t\t\t\t<p><a style=\"color: #00e195; font-weight: 400;\" href=\"https:\/\/www.assforseo.it\/\" target=\"_blank\" rel=\"noopener\">www.assforseo.it<\/a><\/p>\n\t\t\t\t\t\t\t\t<\/div>\n\t\t\t\t<\/div>\n\t\t\t\t<\/div>\n\t\t\t\t\t<\/div>\n\t\t\t\t<\/div>\n\t\t<div class=\"elementor-element elementor-element-fc254c5 e-flex e-con-boxed wpr-particle-no wpr-jarallax-no wpr-parallax-no wpr-sticky-section-no wpr-equal-height-no e-con e-parent\" data-id=\"fc254c5\" data-element_type=\"container\" data-e-type=\"container\">\n\t\t\t\t\t<div class=\"e-con-inner\">\n\t\t<div class=\"elementor-element elementor-element-381031b e-con-full e-flex wpr-particle-no wpr-jarallax-no wpr-parallax-no wpr-sticky-section-no wpr-equal-height-no e-con e-child\" data-id=\"381031b\" data-element_type=\"container\" data-e-type=\"container\">\n\t\t\t\t<\/div>\n\t\t<div class=\"elementor-element elementor-element-a60f8f4 e-con-full e-flex wpr-particle-no wpr-jarallax-no wpr-parallax-no wpr-sticky-section-no wpr-equal-height-no e-con e-child\" data-id=\"a60f8f4\" data-element_type=\"container\" data-e-type=\"container\">\n\t\t\t\t<div class=\"elementor-element elementor-element-d2825ac elementor-widget elementor-widget-image\" data-id=\"d2825ac\" data-element_type=\"widget\" data-e-type=\"widget\" data-widget_type=\"image.default\">\n\t\t\t\t<div class=\"elementor-widget-container\">\n\t\t\t\t\t\t\t\t\t\t\t\t\t\t\t\t<a href=\"https:\/\/www.ain.es\/\" target=\"_blank\">\n\t\t\t\t\t\t\t<img loading=\"lazy\" decoding=\"async\" width=\"391\" height=\"313\" src=\"https:\/\/followapp-project.eu\/wp-content\/uploads\/2023\/10\/ain.png\" class=\"attachment-large size-large wp-image-196\" alt=\"\" srcset=\"https:\/\/followapp-project.eu\/wp-content\/uploads\/2023\/10\/ain.png 391w, https:\/\/followapp-project.eu\/wp-content\/uploads\/2023\/10\/ain-300x240.png 300w\" sizes=\"(max-width: 391px) 100vw, 391px\" \/>\t\t\t\t\t\t\t\t<\/a>\n\t\t\t\t\t\t\t\t\t\t\t\t\t\t\t<\/div>\n\t\t\t\t<\/div>\n\t\t\t\t<div class=\"elementor-element elementor-element-41bf8c6 elementor-widget elementor-widget-heading\" data-id=\"41bf8c6\" data-element_type=\"widget\" data-e-type=\"widget\" data-widget_type=\"heading.default\">\n\t\t\t\t<div class=\"elementor-widget-container\">\n\t\t\t\t\t<h5 class=\"elementor-heading-title elementor-size-default\">AIN - Navarre Industry Association<\/h5>\t\t\t\t<\/div>\n\t\t\t\t<\/div>\n\t\t\t\t<div class=\"elementor-element elementor-element-4e8201b elementor-widget elementor-widget-heading\" data-id=\"4e8201b\" data-element_type=\"widget\" data-e-type=\"widget\" data-widget_type=\"heading.default\">\n\t\t\t\t<div class=\"elementor-widget-container\">\n\t\t\t\t\t<span class=\"elementor-heading-title elementor-size-default\">(\u0130spanya)<\/span>\t\t\t\t<\/div>\n\t\t\t\t<\/div>\n\t\t\t\t<div class=\"elementor-element elementor-element-358b207 elementor-widget elementor-widget-text-editor\" data-id=\"358b207\" data-element_type=\"widget\" data-e-type=\"widget\" data-widget_type=\"text-editor.default\">\n\t\t\t\t<div class=\"elementor-widget-container\">\n\t\t\t\t\t\t\t\t\t<p><a style=\"color: #00e195; font-weight: 400;\" href=\"https:\/\/www.ain.es\/\" target=\"_blank\" rel=\"noopener\">www.ain.es<\/a><\/p>\n\t\t\t\t\t\t\t\t<\/div>\n\t\t\t\t<\/div>\n\t\t\t\t<\/div>\n\t\t<div class=\"elementor-element elementor-element-fa521d0 e-con-full e-flex wpr-particle-no wpr-jarallax-no wpr-parallax-no wpr-sticky-section-no wpr-equal-height-no e-con e-child\" data-id=\"fa521d0\" data-element_type=\"container\" data-e-type=\"container\">\n\t\t\t\t<div class=\"elementor-element elementor-element-477edb1 elementor-widget elementor-widget-image\" data-id=\"477edb1\" data-element_type=\"widget\" data-e-type=\"widget\" data-widget_type=\"image.default\">\n\t\t\t\t<div class=\"elementor-widget-container\">\n\t\t\t\t\t\t\t\t\t\t\t\t\t\t\t<img loading=\"lazy\" decoding=\"async\" width=\"391\" height=\"313\" src=\"https:\/\/followapp-project.eu\/wp-content\/uploads\/2023\/10\/tc_istambul.png\" class=\"attachment-large size-large wp-image-195\" alt=\"\" srcset=\"https:\/\/followapp-project.eu\/wp-content\/uploads\/2023\/10\/tc_istambul.png 391w, https:\/\/followapp-project.eu\/wp-content\/uploads\/2023\/10\/tc_istambul-300x240.png 300w\" sizes=\"(max-width: 391px) 100vw, 391px\" \/>\t\t\t\t\t\t\t\t\t\t\t\t\t\t\t<\/div>\n\t\t\t\t<\/div>\n\t\t\t\t<div class=\"elementor-element elementor-element-b3a0261 elementor-widget elementor-widget-heading\" data-id=\"b3a0261\" data-element_type=\"widget\" data-e-type=\"widget\" data-widget_type=\"heading.default\">\n\t\t\t\t<div class=\"elementor-widget-container\">\n\t\t\t\t\t<h5 class=\"elementor-heading-title elementor-size-default\">Istanbul Valiligi<\/h5>\t\t\t\t<\/div>\n\t\t\t\t<\/div>\n\t\t\t\t<div class=\"elementor-element elementor-element-53a4ef4 elementor-widget elementor-widget-heading\" data-id=\"53a4ef4\" data-element_type=\"widget\" data-e-type=\"widget\" data-widget_type=\"heading.default\">\n\t\t\t\t<div class=\"elementor-widget-container\">\n\t\t\t\t\t<span class=\"elementor-heading-title elementor-size-default\">(T\u00fcrkiye)<\/span>\t\t\t\t<\/div>\n\t\t\t\t<\/div>\n\t\t\t\t<div class=\"elementor-element elementor-element-597c237 elementor-widget elementor-widget-text-editor\" data-id=\"597c237\" data-element_type=\"widget\" data-e-type=\"widget\" data-widget_type=\"text-editor.default\">\n\t\t\t\t<div class=\"elementor-widget-container\">\n\t\t\t\t\t\t\t\t\t<p><a style=\"color: #00e195; font-weight: 400;\" href=\"https:\/\/abmerkez.com\/\" target=\"_blank\" rel=\"noopener\">abmerkez.com<\/a><\/p>\n\t\t\t\t\t\t\t\t<\/div>\n\t\t\t\t<\/div>\n\t\t\t\t<\/div>\n\t\t<div class=\"elementor-element elementor-element-42712e9 e-con-full e-flex wpr-particle-no wpr-jarallax-no wpr-parallax-no wpr-sticky-section-no wpr-equal-height-no e-con e-child\" data-id=\"42712e9\" data-element_type=\"container\" data-e-type=\"container\">\n\t\t\t\t<div class=\"elementor-element elementor-element-8f74452 elementor-widget elementor-widget-image\" data-id=\"8f74452\" data-element_type=\"widget\" data-e-type=\"widget\" data-widget_type=\"image.default\">\n\t\t\t\t<div class=\"elementor-widget-container\">\n\t\t\t\t\t\t\t\t\t\t\t\t\t\t\t<img loading=\"lazy\" decoding=\"async\" width=\"391\" height=\"313\" src=\"https:\/\/followapp-project.eu\/wp-content\/uploads\/2023\/10\/innoquality.png\" class=\"attachment-large size-large wp-image-194\" alt=\"\" srcset=\"https:\/\/followapp-project.eu\/wp-content\/uploads\/2023\/10\/innoquality.png 391w, https:\/\/followapp-project.eu\/wp-content\/uploads\/2023\/10\/innoquality-300x240.png 300w\" sizes=\"(max-width: 391px) 100vw, 391px\" \/>\t\t\t\t\t\t\t\t\t\t\t\t\t\t\t<\/div>\n\t\t\t\t<\/div>\n\t\t\t\t<div class=\"elementor-element elementor-element-49bca10 elementor-widget elementor-widget-heading\" data-id=\"49bca10\" data-element_type=\"widget\" data-e-type=\"widget\" data-widget_type=\"heading.default\">\n\t\t\t\t<div class=\"elementor-widget-container\">\n\t\t\t\t\t<h5 class=\"elementor-heading-title elementor-size-default\">Innoquality Systems<\/h5>\t\t\t\t<\/div>\n\t\t\t\t<\/div>\n\t\t\t\t<div class=\"elementor-element elementor-element-2e41efd elementor-widget elementor-widget-heading\" data-id=\"2e41efd\" data-element_type=\"widget\" data-e-type=\"widget\" data-widget_type=\"heading.default\">\n\t\t\t\t<div class=\"elementor-widget-container\">\n\t\t\t\t\t<span class=\"elementor-heading-title elementor-size-default\">(\u0130rlanda)<\/span>\t\t\t\t<\/div>\n\t\t\t\t<\/div>\n\t\t\t\t<div class=\"elementor-element elementor-element-ee3c4f1 elementor-widget elementor-widget-text-editor\" data-id=\"ee3c4f1\" data-element_type=\"widget\" data-e-type=\"widget\" data-widget_type=\"text-editor.default\">\n\t\t\t\t<div class=\"elementor-widget-container\">\n\t\t\t\t\t\t\t\t\t<p><a style=\"color: #00e195; font-weight: 400;\" href=\"http:\/\/innoqualitysystems.com\/\" target=\"_blank\" rel=\"noopener\">innoqualitysystems.com<\/a><\/p>\n\t\t\t\t\t\t\t\t<\/div>\n\t\t\t\t<\/div>\n\t\t\t\t<\/div>\n\t\t<div class=\"elementor-element elementor-element-c3cd35b e-con-full e-flex wpr-particle-no wpr-jarallax-no wpr-parallax-no wpr-sticky-section-no wpr-equal-height-no e-con e-child\" data-id=\"c3cd35b\" data-element_type=\"container\" data-e-type=\"container\">\n\t\t\t\t<\/div>\n\t\t\t\t\t<\/div>\n\t\t\t\t<\/div>\n\t\t\t\t<\/div>\n\t\t","protected":false},"excerpt":{"rendered":"<p>Ortaklar FOLLOW APP projesi, 5 \u00fclkeden 7 orta\u011fa dayanmaktad\u0131r. Bu ortaklar; WBL &#8211; \u0130\u015f Ya\u015fam\u0131 Temelli \u00d6\u011frenme (Work-Based Learning, WBL) ve \u00c7\u0131rakl\u0131k programlar\u0131n\u0131n y\u00f6netimi ve desteklenmesi, ME\u00d6 (Mesleki E\u011fitim ve \u00d6\u011fretim) sistemlerinin dijitalle\u015ftirilmesi ve EQAVET &#8211; Mesleki E\u011fitim ve \u00d6\u011fretimde Avrupa Kalite G\u00fcvencesi (European Quality Assurance in Vocational Education and Training) konular\u0131nda geni\u015f deneyime sahiptir. Bu ortaklar, gerek proje konu ba\u015f\u0131klar\u0131ndaki uzmanl\u0131k ve tecr\u00fcbeleriyle gerek projenin sonu\u00e7lar\u0131n\u0131 payla\u015fmaya, tan\u0131tmaya ve yayg\u0131nla\u015ft\u0131rmaya katk\u0131 sa\u011flayacak geni\u015f bir payda\u015f kitlesine hitap eden a\u011f tabanlar\u0131 sayesinde projenin ama\u00e7lar\u0131na ula\u015fmas\u0131nda katk\u0131da bulunacakt\u0131r. INFODEF &#8211; Institute for the Promotion of Development and Training (\u0130spanya) www.infodef.es CSF &#8211; Centro Servizi Formazione (\u0130talya) www.csf.lombardia.it DIMITRA Education &amp; Consulting (Yunanistan) www.dimitra.gr ASS.FOR.SEO (\u0130talya) www.assforseo.it AIN &#8211; Navarre Industry Association (\u0130spanya) www.ain.es Istanbul Valiligi (T\u00fcrkiye) abmerkez.com Innoquality Systems (\u0130rlanda) innoqualitysystems.com<\/p>\n","protected":false},"author":1,"featured_media":0,"parent":0,"menu_order":0,"comment_status":"closed","ping_status":"closed","template":"elementor_header_footer","meta":{"_acf_changed":false,"footnotes":""},"class_list":["post-654","page","type-page","status-publish","hentry"],"acf":[],"_links":{"self":[{"href":"https:\/\/followapp-project.eu\/tr\/wp-json\/wp\/v2\/pages\/654","targetHints":{"allow":["GET"]}}],"collection":[{"href":"https:\/\/followapp-project.eu\/tr\/wp-json\/wp\/v2\/pages"}],"about":[{"href":"https:\/\/followapp-project.eu\/tr\/wp-json\/wp\/v2\/types\/page"}],"author":[{"embeddable":true,"href":"https:\/\/followapp-project.eu\/tr\/wp-json\/wp\/v2\/users\/1"}],"replies":[{"embeddable":true,"href":"https:\/\/followapp-project.eu\/tr\/wp-json\/wp\/v2\/comments?post=654"}],"version-history":[{"count":1,"href":"https:\/\/followapp-project.eu\/tr\/wp-json\/wp\/v2\/pages\/654\/revisions"}],"predecessor-version":[{"id":663,"href":"https:\/\/followapp-project.eu\/tr\/wp-json\/wp\/v2\/pages\/654\/revisions\/663"}],"wp:attachment":[{"href":"https:\/\/followapp-project.eu\/tr\/wp-json\/wp\/v2\/media?parent=654"}],"curies":[{"name":"wp","href":"https:\/\/api.w.org\/{rel}","templated":true}]}}