{"id":334,"date":"2023-09-29T08:48:46","date_gmt":"2023-09-29T06:48:46","guid":{"rendered":"https:\/\/followapp-project.eu\/principales-resultados\/"},"modified":"2026-01-29T13:36:58","modified_gmt":"2026-01-29T12:36:58","slug":"principales-resultados","status":"publish","type":"page","link":"https:\/\/followapp-project.eu\/es\/principales-resultados\/","title":{"rendered":"Principales resultados"},"content":{"rendered":"\t\t<div data-elementor-type=\"wp-page\" data-elementor-id=\"334\" class=\"elementor elementor-334 elementor-21\">\n\t\t\t\t<div class=\"elementor-element elementor-element-6d9d8f1 e-flex e-con-boxed wpr-particle-no wpr-jarallax-no wpr-parallax-no wpr-sticky-section-no wpr-equal-height-no e-con e-parent\" data-id=\"6d9d8f1\" data-element_type=\"container\" data-e-type=\"container\">\n\t\t\t\t\t<div class=\"e-con-inner\">\n\t\t\t\t<div class=\"elementor-element elementor-element-876b344 elementor-widget elementor-widget-heading\" data-id=\"876b344\" data-element_type=\"widget\" data-e-type=\"widget\" data-widget_type=\"heading.default\">\n\t\t\t\t<div class=\"elementor-widget-container\">\n\t\t\t\t\t<h2 class=\"elementor-heading-title elementor-size-default\">Principales resultados<\/h2>\t\t\t\t<\/div>\n\t\t\t\t<\/div>\n\t\t\t\t\t<\/div>\n\t\t\t\t<\/div>\n\t\t<div class=\"elementor-element elementor-element-44324f5 e-flex e-con-boxed wpr-particle-no wpr-jarallax-no wpr-parallax-no wpr-sticky-section-no wpr-equal-height-no e-con e-parent\" data-id=\"44324f5\" data-element_type=\"container\" data-e-type=\"container\" data-settings=\"{&quot;background_background&quot;:&quot;classic&quot;}\">\n\t\t\t\t\t<div class=\"e-con-inner\">\n\t\t<div class=\"elementor-element elementor-element-83194ef e-flex e-con-boxed wpr-particle-no wpr-jarallax-no wpr-parallax-no wpr-sticky-section-no wpr-equal-height-no e-con e-child\" data-id=\"83194ef\" data-element_type=\"container\" data-e-type=\"container\" data-settings=\"{&quot;background_background&quot;:&quot;classic&quot;}\">\n\t\t\t\t\t<div class=\"e-con-inner\">\n\t\t\t\t<div class=\"elementor-element elementor-element-cb7c320 elementor-widget elementor-widget-heading\" data-id=\"cb7c320\" data-element_type=\"widget\" data-e-type=\"widget\" data-widget_type=\"heading.default\">\n\t\t\t\t<div class=\"elementor-widget-container\">\n\t\t\t\t\t<h3 class=\"elementor-heading-title elementor-size-default\">Marco europeo de competencias para el\nseguimiento de aprendices graduados en \nFP DUAL<\/h3>\t\t\t\t<\/div>\n\t\t\t\t<\/div>\n\t\t<div class=\"elementor-element elementor-element-a735eb2 e-flex e-con-boxed wpr-particle-no wpr-jarallax-no wpr-parallax-no wpr-sticky-section-no wpr-equal-height-no e-con e-child\" data-id=\"a735eb2\" data-element_type=\"container\" data-e-type=\"container\" data-settings=\"{&quot;background_background&quot;:&quot;classic&quot;}\">\n\t\t\t\t\t<div class=\"e-con-inner\">\n\t\t<div class=\"elementor-element elementor-element-16d9b96 e-con-full e-flex wpr-particle-no wpr-jarallax-no wpr-parallax-no wpr-sticky-section-no wpr-equal-height-no e-con e-child\" data-id=\"16d9b96\" data-element_type=\"container\" data-e-type=\"container\">\n\t\t\t\t<div class=\"elementor-element elementor-element-dca7fa2 elementor-widget elementor-widget-text-editor\" data-id=\"dca7fa2\" data-element_type=\"widget\" data-e-type=\"widget\" data-widget_type=\"text-editor.default\">\n\t\t\t\t<div class=\"elementor-widget-container\">\n\t\t\t\t\t\t\t\t\t<p>Marco de referencia de competencias para el seguimiento del empleo y la progresi\u00f3n profesional de los aprendices graduados en la FP DUAL, utilizando un lenguaje com\u00fan para describir las competencias, habilidades, conocimientos y niveles de competencia que puedan ser entendidos en toda Europa, siguiendo las normas europeas y los marcos de referencia como el MEC (Marco Europeo de Competencias).<\/p>\n\t\t\t\t\t\t\t\t<\/div>\n\t\t\t\t<\/div>\n\t\t\t\t<\/div>\n\t\t<div class=\"elementor-element elementor-element-d05c89b e-con-full e-flex wpr-particle-no wpr-jarallax-no wpr-parallax-no wpr-sticky-section-no wpr-equal-height-no e-con e-child\" data-id=\"d05c89b\" data-element_type=\"container\" data-e-type=\"container\">\n\t\t\t\t<div class=\"elementor-element elementor-element-ddf38ff elementor-widget elementor-widget-image\" data-id=\"ddf38ff\" data-element_type=\"widget\" data-e-type=\"widget\" data-widget_type=\"image.default\">\n\t\t\t\t<div class=\"elementor-widget-container\">\n\t\t\t\t\t\t\t\t\t\t\t\t\t\t\t<img fetchpriority=\"high\" decoding=\"async\" width=\"300\" height=\"359\" src=\"https:\/\/followapp-project.eu\/wp-content\/uploads\/2023\/10\/img_pdf.png\" class=\"attachment-large size-large wp-image-120\" alt=\"\" srcset=\"https:\/\/followapp-project.eu\/wp-content\/uploads\/2023\/10\/img_pdf.png 300w, https:\/\/followapp-project.eu\/wp-content\/uploads\/2023\/10\/img_pdf-251x300.png 251w\" sizes=\"(max-width: 300px) 100vw, 300px\" \/>\t\t\t\t\t\t\t\t\t\t\t\t\t\t\t<\/div>\n\t\t\t\t<\/div>\n\t\t\t\t<\/div>\n\t\t\t\t\t<\/div>\n\t\t\t\t<\/div>\n\t\t\t\t<div class=\"elementor-element elementor-element-3126114 wpr-button-icon-style-inline wpr-button-icon-position-right elementor-widget elementor-widget-wpr-button\" data-id=\"3126114\" data-element_type=\"widget\" data-e-type=\"widget\" data-widget_type=\"wpr-button.default\">\n\t\t\t\t<div class=\"elementor-widget-container\">\n\t\t\t\t\t\t\n\t\t\t\n\t\t\n\t\t<div class=\"wpr-button-wrap elementor-clearfix\">\n\t\t<a class=\"wpr-button wpr-button-effect wpr-button-none\" data-text=\"\" href=\"https:\/\/followapp-project.eu\/wp-content\/uploads\/2026\/01\/FOLLOW-APP_Competence_Framework_ES_ok.pdf\" target=\"_blank\">\n\t\t\t\n\t\t\t<span class=\"wpr-button-content\">\n\t\t\t\t\t\t\t\t\t<span class=\"wpr-button-text\">Descargar <\/span>\n\t\t\t\t\t\t\t\t\n\t\t\t\t\t\t\t<\/span>\n\t\t<\/a>\n\n\t\t\t\t<\/div>\n\t\n\t\n\t\t\t\t\t<\/div>\n\t\t\t\t<\/div>\n\t\t\t\t<div class=\"elementor-element elementor-element-d17295e elementor-widget elementor-widget-heading\" data-id=\"d17295e\" data-element_type=\"widget\" data-e-type=\"widget\" data-widget_type=\"heading.default\">\n\t\t\t\t<div class=\"elementor-widget-container\">\n\t\t\t\t\t<h3 class=\"elementor-heading-title elementor-size-default\">FOLLOW APP Campus Virtual<\/h3>\t\t\t\t<\/div>\n\t\t\t\t<\/div>\n\t\t<div class=\"elementor-element elementor-element-5de0ed6 e-flex e-con-boxed wpr-particle-no wpr-jarallax-no wpr-parallax-no wpr-sticky-section-no wpr-equal-height-no e-con e-child\" data-id=\"5de0ed6\" data-element_type=\"container\" data-e-type=\"container\" data-settings=\"{&quot;background_background&quot;:&quot;classic&quot;}\">\n\t\t\t\t\t<div class=\"e-con-inner\">\n\t\t<div class=\"elementor-element elementor-element-a16f36a e-con-full e-flex wpr-particle-no wpr-jarallax-no wpr-parallax-no wpr-sticky-section-no wpr-equal-height-no e-con e-child\" data-id=\"a16f36a\" data-element_type=\"container\" data-e-type=\"container\">\n\t\t\t\t<div class=\"elementor-element elementor-element-e5bf354 elementor-widget elementor-widget-text-editor\" data-id=\"e5bf354\" data-element_type=\"widget\" data-e-type=\"widget\" data-widget_type=\"text-editor.default\">\n\t\t\t\t<div class=\"elementor-widget-container\">\n\t\t\t\t\t\t\t\t\t<p>Herramienta educativa y de gesti\u00f3n en l\u00ednea basada en las TIC, que proporciona acceso a informaci\u00f3n, herramientas y recursos innovadores como los REA. El CAMPUS VIRTUAL permite a los profesores de FP, orientadores y formadores de empresas adquirir las competencias necesarias para prestar apoyo a los aprendices en relaci\u00f3n con el seguimiento de los titulados en la FP DUAL. Funciona como un centro de networking, intercambio y promoci\u00f3n para las partes interesadas y los grupos destinatarios, contribuyendo a la difusi\u00f3n de las actividades y los resultados del proyecto.<\/p>\t\t\t\t\t\t\t\t<\/div>\n\t\t\t\t<\/div>\n\t\t\t\t<\/div>\n\t\t<div class=\"elementor-element elementor-element-bee42fb e-con-full e-flex wpr-particle-no wpr-jarallax-no wpr-parallax-no wpr-sticky-section-no wpr-equal-height-no e-con e-child\" data-id=\"bee42fb\" data-element_type=\"container\" data-e-type=\"container\">\n\t\t\t\t<div class=\"elementor-element elementor-element-c278764 elementor-widget elementor-widget-image\" data-id=\"c278764\" data-element_type=\"widget\" data-e-type=\"widget\" data-widget_type=\"image.default\">\n\t\t\t\t<div class=\"elementor-widget-container\">\n\t\t\t\t\t\t\t\t\t\t\t\t\t\t\t<img decoding=\"async\" width=\"300\" height=\"300\" src=\"https:\/\/followapp-project.eu\/wp-content\/uploads\/2023\/10\/img_virtual_campus.png\" class=\"attachment-large size-large wp-image-121\" alt=\"\" srcset=\"https:\/\/followapp-project.eu\/wp-content\/uploads\/2023\/10\/img_virtual_campus.png 300w, https:\/\/followapp-project.eu\/wp-content\/uploads\/2023\/10\/img_virtual_campus-150x150.png 150w\" sizes=\"(max-width: 300px) 100vw, 300px\" \/>\t\t\t\t\t\t\t\t\t\t\t\t\t\t\t<\/div>\n\t\t\t\t<\/div>\n\t\t\t\t<\/div>\n\t\t\t\t\t<\/div>\n\t\t\t\t<\/div>\n\t\t\t\t<div class=\"elementor-element elementor-element-f39c42c wpr-button-icon-style-inline wpr-button-icon-position-right elementor-widget elementor-widget-wpr-button\" data-id=\"f39c42c\" data-element_type=\"widget\" data-e-type=\"widget\" data-widget_type=\"wpr-button.default\">\n\t\t\t\t<div class=\"elementor-widget-container\">\n\t\t\t\t\t\t\n\t\t\t\n\t\t\n\t\t<div class=\"wpr-button-wrap elementor-clearfix\">\n\t\t<a class=\"wpr-button wpr-button-effect wpr-button-none\" data-text=\"\" href=\"https:\/\/es.virtualcampus.followapp-project.eu\/\" target=\"_blank\">\n\t\t\t\n\t\t\t<span class=\"wpr-button-content\">\n\t\t\t\t\t\t\t\t\t<span class=\"wpr-button-text\">Accede al Campus Virtual<\/span>\n\t\t\t\t\t\t\t\t\n\t\t\t\t\t\t\t<\/span>\n\t\t<\/a>\n\n\t\t\t\t<\/div>\n\t\n\t\n\t\t\t\t\t<\/div>\n\t\t\t\t<\/div>\n\t\t\t\t<div class=\"elementor-element elementor-element-5eac592 elementor-widget elementor-widget-heading\" data-id=\"5eac592\" data-element_type=\"widget\" data-e-type=\"widget\" data-widget_type=\"heading.default\">\n\t\t\t\t<div class=\"elementor-widget-container\">\n\t\t\t\t\t<h3 class=\"elementor-heading-title elementor-size-default\">Aplicaci\u00f3n m\u00f3vil para el seguimiento de los graduados en DUAL VET<\/h3>\t\t\t\t<\/div>\n\t\t\t\t<\/div>\n\t\t<div class=\"elementor-element elementor-element-e22a63a e-flex e-con-boxed wpr-particle-no wpr-jarallax-no wpr-parallax-no wpr-sticky-section-no wpr-equal-height-no e-con e-child\" data-id=\"e22a63a\" data-element_type=\"container\" data-e-type=\"container\" data-settings=\"{&quot;background_background&quot;:&quot;classic&quot;}\">\n\t\t\t\t\t<div class=\"e-con-inner\">\n\t\t<div class=\"elementor-element elementor-element-a7e7d9f e-con-full e-flex wpr-particle-no wpr-jarallax-no wpr-parallax-no wpr-sticky-section-no wpr-equal-height-no e-con e-child\" data-id=\"a7e7d9f\" data-element_type=\"container\" data-e-type=\"container\">\n\t\t\t\t<div class=\"elementor-element elementor-element-6abadd9 elementor-widget elementor-widget-text-editor\" data-id=\"6abadd9\" data-element_type=\"widget\" data-e-type=\"widget\" data-widget_type=\"text-editor.default\">\n\t\t\t\t<div class=\"elementor-widget-container\">\n\t\t\t\t\t\t\t\t\t<p>Herramienta en l\u00ednea pr\u00e1ctica e innovadora para el seguimiento de los graduados de la formaci\u00f3n dual. La App M\u00f3vil facilita la implementaci\u00f3n de mecanismos de seguimiento de los graduados, permite la creaci\u00f3n y el mantenimiento de programas de antiguos alumnos y proporciona un f\u00e1cil acceso a los resultados del seguimiento de los graduados para las distintas partes interesadas.<\/p>\t\t\t\t\t\t\t\t<\/div>\n\t\t\t\t<\/div>\n\t\t\t\t<\/div>\n\t\t<div class=\"elementor-element elementor-element-2f88383 e-con-full e-flex wpr-particle-no wpr-jarallax-no wpr-parallax-no wpr-sticky-section-no wpr-equal-height-no e-con e-child\" data-id=\"2f88383\" data-element_type=\"container\" data-e-type=\"container\">\n\t\t\t\t<div class=\"elementor-element elementor-element-8bc4506 elementor-widget elementor-widget-image\" data-id=\"8bc4506\" data-element_type=\"widget\" data-e-type=\"widget\" data-widget_type=\"image.default\">\n\t\t\t\t<div class=\"elementor-widget-container\">\n\t\t\t\t\t\t\t\t\t\t\t\t\t\t\t<img decoding=\"async\" width=\"300\" height=\"300\" src=\"https:\/\/followapp-project.eu\/wp-content\/uploads\/2023\/10\/img_virtual_campus.png\" class=\"attachment-large size-large wp-image-121\" alt=\"\" srcset=\"https:\/\/followapp-project.eu\/wp-content\/uploads\/2023\/10\/img_virtual_campus.png 300w, https:\/\/followapp-project.eu\/wp-content\/uploads\/2023\/10\/img_virtual_campus-150x150.png 150w\" sizes=\"(max-width: 300px) 100vw, 300px\" \/>\t\t\t\t\t\t\t\t\t\t\t\t\t\t\t<\/div>\n\t\t\t\t<\/div>\n\t\t\t\t<\/div>\n\t\t\t\t\t<\/div>\n\t\t\t\t<\/div>\n\t\t\t\t<div class=\"elementor-element elementor-element-89a25d5 wpr-button-icon-style-inline wpr-button-icon-position-right elementor-widget elementor-widget-wpr-button\" data-id=\"89a25d5\" data-element_type=\"widget\" data-e-type=\"widget\" data-widget_type=\"wpr-button.default\">\n\t\t\t\t<div class=\"elementor-widget-container\">\n\t\t\t\t\t\t\n\t\t\t\n\t\t\n\t\t<div class=\"wpr-button-wrap elementor-clearfix\">\n\t\t<a class=\"wpr-button wpr-button-effect wpr-button-none\" data-text=\"\" href=\"https:\/\/follow-app.innoqualitysystems.com\/index_es\" target=\"_blank\">\n\t\t\t\n\t\t\t<span class=\"wpr-button-content\">\n\t\t\t\t\t\t\t\t\t<span class=\"wpr-button-text\">Accede a la Aplicaci\u00f3n m\u00f3vil<\/span>\n\t\t\t\t\t\t\t\t\n\t\t\t\t\t\t\t<\/span>\n\t\t<\/a>\n\n\t\t\t\t<\/div>\n\t\n\t\n\t\t\t\t\t<\/div>\n\t\t\t\t<\/div>\n\t\t\t\t<div class=\"elementor-element elementor-element-82d9c4f elementor-widget elementor-widget-heading\" data-id=\"82d9c4f\" data-element_type=\"widget\" data-e-type=\"widget\" data-widget_type=\"heading.default\">\n\t\t\t\t<div class=\"elementor-widget-container\">\n\t\t\t\t\t<h3 class=\"elementor-heading-title elementor-size-default\">Acciones piloto desarrolladas en Espa\u00f1a, Italia, Grecia y Turqu\u00eda con la participaci\u00f3n de profesores de FP, orientadores y tutores, as\u00ed como aprendices en las empresas.<\/h3>\t\t\t\t<\/div>\n\t\t\t\t<\/div>\n\t\t<div class=\"elementor-element elementor-element-da92dea e-flex e-con-boxed wpr-particle-no wpr-jarallax-no wpr-parallax-no wpr-sticky-section-no wpr-equal-height-no e-con e-child\" data-id=\"da92dea\" data-element_type=\"container\" data-e-type=\"container\" data-settings=\"{&quot;background_background&quot;:&quot;classic&quot;}\">\n\t\t\t\t\t<div class=\"e-con-inner\">\n\t\t<div class=\"elementor-element elementor-element-2ea1f6a e-con-full e-flex wpr-particle-no wpr-jarallax-no wpr-parallax-no wpr-sticky-section-no wpr-equal-height-no e-con e-child\" data-id=\"2ea1f6a\" data-element_type=\"container\" data-e-type=\"container\">\n\t\t\t\t<div class=\"elementor-element elementor-element-1f7be3a elementor-widget elementor-widget-text-editor\" data-id=\"1f7be3a\" data-element_type=\"widget\" data-e-type=\"widget\" data-widget_type=\"text-editor.default\">\n\t\t\t\t<div class=\"elementor-widget-container\">\n\t\t\t\t\t\t\t\t\t<p>Desarrollo de una fase piloto en Espa\u00f1a, Italia, Grecia y Turqu\u00eda para realizar pruebas exhaustivas de la aplicaci\u00f3n VIRTUAL CAMPUS FOLLOW APP y la App M\u00f3vil con los usuarios finales, de los que se han recopilado comentarios para elaborar el conjunto de directrices y recomendaciones.<\/p>\t\t\t\t\t\t\t\t<\/div>\n\t\t\t\t<\/div>\n\t\t\t\t<\/div>\n\t\t<div class=\"elementor-element elementor-element-d516f27 e-con-full e-flex wpr-particle-no wpr-jarallax-no wpr-parallax-no wpr-sticky-section-no wpr-equal-height-no e-con e-child\" data-id=\"d516f27\" data-element_type=\"container\" data-e-type=\"container\">\n\t\t\t\t<\/div>\n\t\t\t\t\t<\/div>\n\t\t\t\t<\/div>\n\t\t\t\t<div class=\"elementor-element elementor-element-7d715ee elementor-widget elementor-widget-heading\" data-id=\"7d715ee\" data-element_type=\"widget\" data-e-type=\"widget\" data-widget_type=\"heading.default\">\n\t\t\t\t<div class=\"elementor-widget-container\">\n\t\t\t\t\t<h3 class=\"elementor-heading-title elementor-size-default\">\nDirectrices y Recomendaciones sobre el seguimiento de los graduados en FP DUAL basadas en los resultados de las acciones piloto<\/h3>\t\t\t\t<\/div>\n\t\t\t\t<\/div>\n\t\t<div class=\"elementor-element elementor-element-bb1cce1 e-flex e-con-boxed wpr-particle-no wpr-jarallax-no wpr-parallax-no wpr-sticky-section-no wpr-equal-height-no e-con e-child\" data-id=\"bb1cce1\" data-element_type=\"container\" data-e-type=\"container\" data-settings=\"{&quot;background_background&quot;:&quot;classic&quot;}\">\n\t\t\t\t\t<div class=\"e-con-inner\">\n\t\t<div class=\"elementor-element elementor-element-2b1b819 e-con-full e-flex wpr-particle-no wpr-jarallax-no wpr-parallax-no wpr-sticky-section-no wpr-equal-height-no e-con e-child\" data-id=\"2b1b819\" data-element_type=\"container\" data-e-type=\"container\">\n\t\t\t\t<div class=\"elementor-element elementor-element-f499104 elementor-widget elementor-widget-text-editor\" data-id=\"f499104\" data-element_type=\"widget\" data-e-type=\"widget\" data-widget_type=\"text-editor.default\">\n\t\t\t\t<div class=\"elementor-widget-container\">\n\t\t\t\t\t\t\t\t\t<p>Documento de referencia con un conjunto coherente de directrices y recomendaciones pr\u00e1cticas para fomentar la transparencia y el reconocimiento del seguimiento de los graduados de la formaci\u00f3n dual en la FP DUAL a nivel europeo.<\/p>\t\t\t\t\t\t\t\t<\/div>\n\t\t\t\t<\/div>\n\t\t\t\t<\/div>\n\t\t<div class=\"elementor-element elementor-element-bdd1a39 e-con-full e-flex wpr-particle-no wpr-jarallax-no wpr-parallax-no wpr-sticky-section-no wpr-equal-height-no e-con e-child\" data-id=\"bdd1a39\" data-element_type=\"container\" data-e-type=\"container\">\n\t\t\t\t<div class=\"elementor-element elementor-element-7884c19 elementor-widget elementor-widget-image\" data-id=\"7884c19\" data-element_type=\"widget\" data-e-type=\"widget\" data-widget_type=\"image.default\">\n\t\t\t\t<div class=\"elementor-widget-container\">\n\t\t\t\t\t\t\t\t\t\t\t\t\t\t\t<img fetchpriority=\"high\" decoding=\"async\" width=\"300\" height=\"359\" src=\"https:\/\/followapp-project.eu\/wp-content\/uploads\/2023\/10\/img_pdf.png\" class=\"attachment-large size-large wp-image-120\" alt=\"\" srcset=\"https:\/\/followapp-project.eu\/wp-content\/uploads\/2023\/10\/img_pdf.png 300w, https:\/\/followapp-project.eu\/wp-content\/uploads\/2023\/10\/img_pdf-251x300.png 251w\" sizes=\"(max-width: 300px) 100vw, 300px\" \/>\t\t\t\t\t\t\t\t\t\t\t\t\t\t\t<\/div>\n\t\t\t\t<\/div>\n\t\t\t\t<\/div>\n\t\t\t\t\t<\/div>\n\t\t\t\t<\/div>\n\t\t\t\t<div class=\"elementor-element elementor-element-38226b8 wpr-button-icon-style-inline wpr-button-icon-position-right elementor-widget elementor-widget-wpr-button\" data-id=\"38226b8\" data-element_type=\"widget\" data-e-type=\"widget\" data-widget_type=\"wpr-button.default\">\n\t\t\t\t<div class=\"elementor-widget-container\">\n\t\t\t\t\t\t\n\t\t\t\n\t\t\n\t\t<div class=\"wpr-button-wrap elementor-clearfix\">\n\t\t<a class=\"wpr-button wpr-button-effect wpr-button-none\" data-text=\"\" href=\"https:\/\/followapp-project.eu\/wp-content\/uploads\/2026\/01\/FOLLOW-APP_Guidelines_Recommendations_ES_ok.pdf\" target=\"_blank\">\n\t\t\t\n\t\t\t<span class=\"wpr-button-content\">\n\t\t\t\t\t\t\t\t\t<span class=\"wpr-button-text\">Descargar<\/span>\n\t\t\t\t\t\t\t\t\n\t\t\t\t\t\t\t<\/span>\n\t\t<\/a>\n\n\t\t\t\t<\/div>\n\t\n\t\n\t\t\t\t\t<\/div>\n\t\t\t\t<\/div>\n\t\t\t\t\t<\/div>\n\t\t\t\t<\/div>\n\t\t\t\t\t<\/div>\n\t\t\t\t<\/div>\n\t\t\t\t<\/div>\n\t\t","protected":false},"excerpt":{"rendered":"<p>Principales resultados Marco europeo de competencias para el seguimiento de aprendices graduados en FP DUAL Marco de referencia de competencias para el seguimiento del empleo y la progresi\u00f3n profesional de los aprendices graduados en la FP DUAL, utilizando un lenguaje com\u00fan para describir las competencias, habilidades, conocimientos y niveles de competencia que puedan ser entendidos en toda Europa, siguiendo las normas europeas y los marcos de referencia como el MEC (Marco Europeo de Competencias). Descargar FOLLOW APP Campus Virtual Herramienta educativa y de gesti\u00f3n en l\u00ednea basada en las TIC, que proporciona acceso a informaci\u00f3n, herramientas y recursos innovadores como los REA. El CAMPUS VIRTUAL permite a los profesores de FP, orientadores y formadores de empresas adquirir las competencias necesarias para prestar apoyo a los aprendices en relaci\u00f3n con el seguimiento de los titulados en la FP DUAL. Funciona como un centro de networking, intercambio y promoci\u00f3n para las partes interesadas y los grupos destinatarios, contribuyendo a la difusi\u00f3n de las actividades y los resultados del proyecto. Accede al Campus Virtual Aplicaci\u00f3n m\u00f3vil para el seguimiento de los graduados en DUAL VET Herramienta en l\u00ednea pr\u00e1ctica e innovadora para el seguimiento de los graduados de la formaci\u00f3n dual. La App M\u00f3vil facilita la implementaci\u00f3n de mecanismos de seguimiento de los graduados, permite la creaci\u00f3n y el mantenimiento de programas de antiguos alumnos y proporciona un f\u00e1cil acceso a los resultados del seguimiento de los graduados para las distintas partes interesadas. Accede a la Aplicaci\u00f3n m\u00f3vil Acciones piloto desarrolladas en Espa\u00f1a, Italia, Grecia y Turqu\u00eda con la participaci\u00f3n de profesores de FP, orientadores y tutores, as\u00ed como aprendices en las empresas. Desarrollo de una fase piloto en Espa\u00f1a, Italia, Grecia y Turqu\u00eda para realizar pruebas exhaustivas de la aplicaci\u00f3n VIRTUAL CAMPUS FOLLOW APP y la App M\u00f3vil con los usuarios finales, de los que se han recopilado comentarios para elaborar el conjunto de directrices y recomendaciones. Directrices y Recomendaciones sobre el seguimiento de los graduados en FP DUAL basadas en los resultados de las acciones piloto Documento de referencia con un conjunto coherente de directrices y recomendaciones pr\u00e1cticas para fomentar la transparencia y el reconocimiento del seguimiento de los graduados de la formaci\u00f3n dual en la FP DUAL a nivel europeo. Descargar<\/p>\n","protected":false},"author":1,"featured_media":0,"parent":0,"menu_order":0,"comment_status":"closed","ping_status":"closed","template":"elementor_header_footer","meta":{"_acf_changed":false,"footnotes":""},"class_list":["post-334","page","type-page","status-publish","hentry"],"acf":[],"_links":{"self":[{"href":"https:\/\/followapp-project.eu\/es\/wp-json\/wp\/v2\/pages\/334","targetHints":{"allow":["GET"]}}],"collection":[{"href":"https:\/\/followapp-project.eu\/es\/wp-json\/wp\/v2\/pages"}],"about":[{"href":"https:\/\/followapp-project.eu\/es\/wp-json\/wp\/v2\/types\/page"}],"author":[{"embeddable":true,"href":"https:\/\/followapp-project.eu\/es\/wp-json\/wp\/v2\/users\/1"}],"replies":[{"embeddable":true,"href":"https:\/\/followapp-project.eu\/es\/wp-json\/wp\/v2\/comments?post=334"}],"version-history":[{"count":44,"href":"https:\/\/followapp-project.eu\/es\/wp-json\/wp\/v2\/pages\/334\/revisions"}],"predecessor-version":[{"id":1339,"href":"https:\/\/followapp-project.eu\/es\/wp-json\/wp\/v2\/pages\/334\/revisions\/1339"}],"wp:attachment":[{"href":"https:\/\/followapp-project.eu\/es\/wp-json\/wp\/v2\/media?parent=334"}],"curies":[{"name":"wp","href":"https:\/\/api.w.org\/{rel}","templated":true}]}}